{"id":578,"date":"2024-06-18T14:08:22","date_gmt":"2024-06-18T14:08:22","guid":{"rendered":"https:\/\/sugartec.hu\/?page_id=578"},"modified":"2024-06-18T14:08:22","modified_gmt":"2024-06-18T14:08:22","slug":"578-2","status":"publish","type":"page","link":"https:\/\/sugartec.hu\/?page_id=578","title":{"rendered":""},"content":{"rendered":"\n<p>Az ad\u00f3s neve: SUG\u00c1RTEC KOMPRESSZOR SZERVIZ KORL\u00c1TOLT FELEL\u0150SS\u00c9G\u0170 T\u00c1RSAS\u00c1G<\/p>\n\n\n\n<p>A forg\u00f3eszk\u00f6z finansz\u00edroz\u00e1s tartalm\u00e1nak r\u00f6vid bemutat\u00e1sa: MIKRO-,KIS- \u00c9S K\u00d6Z\u00c9PV\u00c1LLALKOZ\u00c1SOK TECHNOL\u00d3GIAI KORSZER\u0170S\u00cdT\u00c9SE C\u00c9L\u00da HITELPROGRAM<\/p>\n\n\n\n<p>VISSZA NEM T\u00c9R\u00cdTEND\u0150 T\u00c1MOGAT\u00c1S \u00d6SSZEGE: 0 FORINT<\/p>\n\n\n\n<p>VISSZAT\u00c9R\u00cdTEND\u0150 HITEL \u00d6SSZEGE: 96,5 MILLI\u00d3 FORINT<\/p>\n\n\n\n<p>A PROJEKT AZONOS\u00cdT\u00d3 SZ\u00c1MA: GINOP-8.3.5-18\/B<\/p>\n","protected":false},"excerpt":{"rendered":"<p>Az ad\u00f3s neve: SUG\u00c1RTEC KOMPRESSZOR SZERVIZ KORL\u00c1TOLT FELEL\u0150SS\u00c9G\u0170 T\u00c1RSAS\u00c1G A forg\u00f3eszk\u00f6z finansz\u00edroz\u00e1s tartalm\u00e1nak r\u00f6vid bemutat\u00e1sa: MIKRO-,KIS- \u00c9S K\u00d6Z\u00c9PV\u00c1LLALKOZ\u00c1SOK TECHNOL\u00d3GIAI KORSZER\u0170S\u00cdT\u00c9SE C\u00c9L\u00da HITELPROGRAM VISSZA NEM T\u00c9R\u00cdTEND\u0150 T\u00c1MOGAT\u00c1S \u00d6SSZEGE: 0 FORINT VISSZAT\u00c9R\u00cdTEND\u0150 HITEL \u00d6SSZEGE: 96,5 MILLI\u00d3 FORINT A PROJEKT AZONOS\u00cdT\u00d3 SZ\u00c1MA: GINOP-8.3.5-18\/B<\/p>\n","protected":false},"author":1,"featured_media":0,"parent":0,"menu_order":0,"comment_status":"closed","ping_status":"closed","template":"","meta":{"footnotes":""},"_links":{"self":[{"href":"https:\/\/sugartec.hu\/index.php?rest_route=\/wp\/v2\/pages\/578"}],"collection":[{"href":"https:\/\/sugartec.hu\/index.php?rest_route=\/wp\/v2\/pages"}],"about":[{"href":"https:\/\/sugartec.hu\/index.php?rest_route=\/wp\/v2\/types\/page"}],"author":[{"embeddable":true,"href":"https:\/\/sugartec.hu\/index.php?rest_route=\/wp\/v2\/users\/1"}],"replies":[{"embeddable":true,"href":"https:\/\/sugartec.hu\/index.php?rest_route=%2Fwp%2Fv2%2Fcomments&post=578"}],"version-history":[{"count":2,"href":"https:\/\/sugartec.hu\/index.php?rest_route=\/wp\/v2\/pages\/578\/revisions"}],"predecessor-version":[{"id":580,"href":"https:\/\/sugartec.hu\/index.php?rest_route=\/wp\/v2\/pages\/578\/revisions\/580"}],"wp:attachment":[{"href":"https:\/\/sugartec.hu\/index.php?rest_route=%2Fwp%2Fv2%2Fmedia&parent=578"}],"curies":[{"name":"wp","href":"https:\/\/api.w.org\/{rel}","templated":true}]}}