{"id":343,"date":"2020-07-26T09:25:16","date_gmt":"2020-07-26T09:25:16","guid":{"rendered":"https:\/\/sgtc.teamunity.hu\/?page_id=343"},"modified":"2020-09-12T18:02:44","modified_gmt":"2020-09-12T18:02:44","slug":"referenciak","status":"publish","type":"page","link":"https:\/\/sugartec.hu\/?page_id=343","title":{"rendered":"Referenci\u00e1k"},"content":{"rendered":"<p>[vc_row][vc_column][vc_column_text]Mint m\u00e1rkaf\u00fcggetlen szervizc\u00e9g az al\u00e1bbi gy\u00e1rt\u00f3k kompresszorain v\u00e9gezt\u00fcnk eddig jav\u00edt\u00e1sokat, sz\u00e1ll\u00edtottunk \u201e\u00f6reg\u201d kompresszorokhoz \u00fajratervezett alkatr\u00e9szeket.<\/p>\n<p>Referenci\u00e1ink tartalm\u00e1r\u00f3l, pontos helysz\u00edn\u00e9r\u0151l, tov\u00e1bbi r\u00e9szleteir\u0151l k\u00e9r\u00e9s alapj\u00e1n adunk t\u00e1j\u00e9koztat\u00e1st.<\/p>\n<p>SIAD Macchine Impianti S.p.A.<br \/>\nK\u00f6hler &amp; H\u00f6rter Gmbh<br \/>\nMehrer Compression GmbH<br \/>\nABC Compressors<br \/>\nIngersoll-Rand (IRDS, Dresser-Rand, Centac)<br \/>\nNeumann &amp; Esser<br \/>\nMHB (Halberstadt)<br \/>\nWaukesha g\u00e1zmotor<br \/>\nPeter Brotherhood<br \/>\nBurckhardt Compression<br \/>\nSulzer Compressor<br \/>\nHofer Compressor<br \/>\nSera GmbH<br \/>\nHowden Burton Corblin[\/vc_column_text][\/vc_column][\/vc_row]<\/p>\n","protected":false},"excerpt":{"rendered":"<p>[vc_row][vc_column][vc_column_text]Mint m\u00e1rkaf\u00fcggetlen szervizc\u00e9g az al\u00e1bbi gy\u00e1rt\u00f3k kompresszorain v\u00e9gezt\u00fcnk eddig jav\u00edt\u00e1sokat, sz\u00e1ll\u00edtottunk \u201e\u00f6reg\u201d kompresszorokhoz \u00fajratervezett alkatr\u00e9szeket. Referenci\u00e1ink tartalm\u00e1r\u00f3l, pontos helysz\u00edn\u00e9r\u0151l, tov\u00e1bbi r\u00e9szleteir\u0151l k\u00e9r\u00e9s alapj\u00e1n adunk t\u00e1j\u00e9koztat\u00e1st. SIAD Macchine Impianti S.p.A. K\u00f6hler &amp; H\u00f6rter Gmbh Mehrer Compression GmbH ABC Compressors Ingersoll-Rand (IRDS, Dresser-Rand, Centac) Neumann &amp; Esser MHB (Halberstadt) Waukesha g\u00e1zmotor Peter [&hellip;]<\/p>\n","protected":false},"author":1,"featured_media":0,"parent":0,"menu_order":0,"comment_status":"closed","ping_status":"closed","template":"","meta":{"footnotes":""},"_links":{"self":[{"href":"https:\/\/sugartec.hu\/index.php?rest_route=\/wp\/v2\/pages\/343"}],"collection":[{"href":"https:\/\/sugartec.hu\/index.php?rest_route=\/wp\/v2\/pages"}],"about":[{"href":"https:\/\/sugartec.hu\/index.php?rest_route=\/wp\/v2\/types\/page"}],"author":[{"embeddable":true,"href":"https:\/\/sugartec.hu\/index.php?rest_route=\/wp\/v2\/users\/1"}],"replies":[{"embeddable":true,"href":"https:\/\/sugartec.hu\/index.php?rest_route=%2Fwp%2Fv2%2Fcomments&post=343"}],"version-history":[{"count":3,"href":"https:\/\/sugartec.hu\/index.php?rest_route=\/wp\/v2\/pages\/343\/revisions"}],"predecessor-version":[{"id":535,"href":"https:\/\/sugartec.hu\/index.php?rest_route=\/wp\/v2\/pages\/343\/revisions\/535"}],"wp:attachment":[{"href":"https:\/\/sugartec.hu\/index.php?rest_route=%2Fwp%2Fv2%2Fmedia&parent=343"}],"curies":[{"name":"wp","href":"https:\/\/api.w.org\/{rel}","templated":true}]}}