{"id":323,"date":"2020-07-26T08:46:58","date_gmt":"2020-07-26T08:46:58","guid":{"rendered":"https:\/\/sgtc.teamunity.hu\/?page_id=323"},"modified":"2020-09-12T18:03:51","modified_gmt":"2020-09-12T18:03:51","slug":"partnereink","status":"publish","type":"page","link":"https:\/\/sugartec.hu\/?page_id=323","title":{"rendered":"Partnereink"},"content":{"rendered":"<p>[vc_row][vc_column][vc_single_image image=&#8221;335&#8243; img_size=&#8221;large&#8221; alignment=&#8221;center&#8221; onclick=&#8221;link_image&#8221;][vc_column_text]Olajipari, f\u00f6ldg\u00e1zt\u00e1rol\u00e1si, vegyipar \u00e9s ipari g\u00e1zok ter\u00fclet\u00e9n kompresszorok v\u00e9gfelhaszn\u00e1l\u00f3ival napi kapcsolatot \u00e1polunk. Elhivatottak vagyunk, hogy szerviztev\u00e9kenys\u00e9g\u00fcnk sor\u00e1n \u00fczemeltet\u00e9si tan\u00e1csad\u00e1ssal is t\u00e1mogassuk az orsz\u00e1g k\u00fcl\u00f6nb\u00f6z\u0151 telephelyein, t\u00f6bbek k\u00f6z\u00f6tt a MOL Nyrt, a Messer Hungarog\u00e1z Kft., a Linde G\u00e1z Magyarorsz\u00e1g Zrt., a Magyar F\u00f6ldg\u00e1zt\u00e1rol\u00f3 Zrt. \u00fczemeiben m\u0171k\u00f6d\u0151 kompresszorok szakembereit.[\/vc_column_text][vc_column_text]<\/p>\n<p style=\"text-align: center;\">Rem\u00e9lj\u00fck, hogy r\u00f6videsen \u00d6n\u00f6ket is a partnereink k\u00f6z\u00f6tt \u00fcdv\u00f6z\u00f6lhetj\u00fck.<\/p>\n<p>[\/vc_column_text][\/vc_column][\/vc_row]<\/p>\n","protected":false},"excerpt":{"rendered":"<p>[vc_row][vc_column][vc_single_image image=&#8221;335&#8243; img_size=&#8221;large&#8221; alignment=&#8221;center&#8221; onclick=&#8221;link_image&#8221;][vc_column_text]Olajipari, f\u00f6ldg\u00e1zt\u00e1rol\u00e1si, vegyipar \u00e9s ipari g\u00e1zok ter\u00fclet\u00e9n kompresszorok v\u00e9gfelhaszn\u00e1l\u00f3ival napi kapcsolatot \u00e1polunk. Elhivatottak vagyunk, hogy szerviztev\u00e9kenys\u00e9g\u00fcnk sor\u00e1n \u00fczemeltet\u00e9si tan\u00e1csad\u00e1ssal is t\u00e1mogassuk az orsz\u00e1g k\u00fcl\u00f6nb\u00f6z\u0151 telephelyein, t\u00f6bbek k\u00f6z\u00f6tt a MOL Nyrt, a Messer Hungarog\u00e1z Kft., a Linde G\u00e1z Magyarorsz\u00e1g Zrt., a Magyar F\u00f6ldg\u00e1zt\u00e1rol\u00f3 Zrt. \u00fczemeiben m\u0171k\u00f6d\u0151 kompresszorok [&hellip;]<\/p>\n","protected":false},"author":1,"featured_media":0,"parent":0,"menu_order":0,"comment_status":"closed","ping_status":"closed","template":"","meta":{"footnotes":""},"_links":{"self":[{"href":"https:\/\/sugartec.hu\/index.php?rest_route=\/wp\/v2\/pages\/323"}],"collection":[{"href":"https:\/\/sugartec.hu\/index.php?rest_route=\/wp\/v2\/pages"}],"about":[{"href":"https:\/\/sugartec.hu\/index.php?rest_route=\/wp\/v2\/types\/page"}],"author":[{"embeddable":true,"href":"https:\/\/sugartec.hu\/index.php?rest_route=\/wp\/v2\/users\/1"}],"replies":[{"embeddable":true,"href":"https:\/\/sugartec.hu\/index.php?rest_route=%2Fwp%2Fv2%2Fcomments&post=323"}],"version-history":[{"count":10,"href":"https:\/\/sugartec.hu\/index.php?rest_route=\/wp\/v2\/pages\/323\/revisions"}],"predecessor-version":[{"id":536,"href":"https:\/\/sugartec.hu\/index.php?rest_route=\/wp\/v2\/pages\/323\/revisions\/536"}],"wp:attachment":[{"href":"https:\/\/sugartec.hu\/index.php?rest_route=%2Fwp%2Fv2%2Fmedia&parent=323"}],"curies":[{"name":"wp","href":"https:\/\/api.w.org\/{rel}","templated":true}]}}