{"id":319,"date":"2020-07-26T08:37:11","date_gmt":"2020-07-26T08:37:11","guid":{"rendered":"https:\/\/sgtc.teamunity.hu\/?page_id=319"},"modified":"2020-09-12T18:10:17","modified_gmt":"2020-09-12T18:10:17","slug":"szolgaltatasaink","status":"publish","type":"page","link":"https:\/\/sugartec.hu\/?page_id=319","title":{"rendered":"Szolg\u00e1ltat\u00e1saink"},"content":{"rendered":"<p>[vc_row][vc_column][vc_column_text el_class=&#8221;Szolgaltatas&#8221;]<\/p>\n<ul>\n<li>Kompresszorgy\u00e1rt\u00f3t\u00f3l f\u00fcggetlen szervizszolg\u00e1ltat\u00e1s az olajipari, f\u00f6ldg\u00e1zt\u00e1rol\u00e1si, vegyipar \u00e9s egy\u00e9b ipari g\u00e1zok komprim\u00e1l\u00e1s\u00e1t v\u00e9gz\u0151 dugatty\u00fas- \u00e9s membr\u00e1n kompresszorok ter\u00fclet\u00e9n<\/li>\n<li>A kompresszorok \u00fczemid\u0151 szerinti rendszeres karbantart\u00e1sa<\/li>\n<li>A kompresszorokon a Megrendel\u0151 ig\u00e9nye alapj\u00e1n v\u00e9gzett karbantart\u00e1sok elv\u00e9gz\u00e9se<\/li>\n<li>Ingersoll-Centac t\u00edpus\u00fa, \u00e9s egy\u00e9b turb\u00f3kompresszorok szervizel\u00e9se<\/li>\n<li>Koll\u00e9g\u00e1ink tapasztalatai, t\u00e1rsas\u00e1gunk eszk\u00f6zei \u00e9s felszerelt szervizaut\u00f3i arra alkalmasak, hogy partnereink telephelyein \u00fa.n. field-szervizt v\u00e9gezz\u00fcnk a berendez\u00e9seken, alkalmazkodva a partnerek karbantart\u00e1si szok\u00e1saihoz, ig\u00e9nyeihez<\/li>\n<li>M\u00e9rn\u00f6ki tev\u00e9kenys\u00e9gek az alkatr\u00e9szgy\u00e1rt\u00e1s ter\u00fclet\u00e9n &#8211; k<i>\u00fcl\u00f6n\u00f6s tekintettel a \u201enem fiatal\u201d \u00e9s nehezen beszerezhet\u0151 alkatr\u00e9szek biztos\u00edt\u00e1s\u00e1ra re-engineeringgel.<\/i><\/li>\n<li>Alkatr\u00e9szek gy\u00e1rt\u00e1sa<\/li>\n<li>\u201e\u00d6reg\u201d kompresszorhengerek fel\u00faj\u00edt\u00e1sa<\/li>\n<li>Szelepgy\u00e1rt\u00f3t\u00f3l f\u00fcggetlen kompresszorszelep fel\u00faj\u00edt\u00e1s<\/li>\n<li>Kompresszorok komplett intenzifik\u00e1l\u00e1sa a tervez\u00e9st\u0151l a megval\u00f3s\u00edt\u00e1sig<\/li>\n<li>Turb\u00f3kompresszorok alkatr\u00e9szeinek biztos\u00edt\u00e1sa<\/li>\n<li>Turb\u00f3kompresszor forg\u00f3r\u00e9szek fel\u00faj\u00edt\u00e1sa, nagy fordulat\u00fa kiegyens\u00falyoz\u00e1s<\/li>\n<\/ul>\n<p>[\/vc_column_text][\/vc_column][\/vc_row]<\/p>\n","protected":false},"excerpt":{"rendered":"<p>[vc_row][vc_column][vc_column_text el_class=&#8221;Szolgaltatas&#8221;] Kompresszorgy\u00e1rt\u00f3t\u00f3l f\u00fcggetlen szervizszolg\u00e1ltat\u00e1s az olajipari, f\u00f6ldg\u00e1zt\u00e1rol\u00e1si, vegyipar \u00e9s egy\u00e9b ipari g\u00e1zok komprim\u00e1l\u00e1s\u00e1t v\u00e9gz\u0151 dugatty\u00fas- \u00e9s membr\u00e1n kompresszorok ter\u00fclet\u00e9n A kompresszorok \u00fczemid\u0151 szerinti rendszeres karbantart\u00e1sa A kompresszorokon a Megrendel\u0151 ig\u00e9nye alapj\u00e1n v\u00e9gzett karbantart\u00e1sok elv\u00e9gz\u00e9se Ingersoll-Centac t\u00edpus\u00fa, \u00e9s egy\u00e9b turb\u00f3kompresszorok szervizel\u00e9se Koll\u00e9g\u00e1ink tapasztalatai, t\u00e1rsas\u00e1gunk eszk\u00f6zei \u00e9s felszerelt szervizaut\u00f3i arra alkalmasak, [&hellip;]<\/p>\n","protected":false},"author":1,"featured_media":0,"parent":0,"menu_order":0,"comment_status":"closed","ping_status":"closed","template":"","meta":{"footnotes":""},"_links":{"self":[{"href":"https:\/\/sugartec.hu\/index.php?rest_route=\/wp\/v2\/pages\/319"}],"collection":[{"href":"https:\/\/sugartec.hu\/index.php?rest_route=\/wp\/v2\/pages"}],"about":[{"href":"https:\/\/sugartec.hu\/index.php?rest_route=\/wp\/v2\/types\/page"}],"author":[{"embeddable":true,"href":"https:\/\/sugartec.hu\/index.php?rest_route=\/wp\/v2\/users\/1"}],"replies":[{"embeddable":true,"href":"https:\/\/sugartec.hu\/index.php?rest_route=%2Fwp%2Fv2%2Fcomments&post=319"}],"version-history":[{"count":6,"href":"https:\/\/sugartec.hu\/index.php?rest_route=\/wp\/v2\/pages\/319\/revisions"}],"predecessor-version":[{"id":541,"href":"https:\/\/sugartec.hu\/index.php?rest_route=\/wp\/v2\/pages\/319\/revisions\/541"}],"wp:attachment":[{"href":"https:\/\/sugartec.hu\/index.php?rest_route=%2Fwp%2Fv2%2Fmedia&parent=319"}],"curies":[{"name":"wp","href":"https:\/\/api.w.org\/{rel}","templated":true}]}}