{"id":15,"date":"2020-07-21T16:48:50","date_gmt":"2020-07-21T16:48:50","guid":{"rendered":"http:\/\/sgtc.teamunity.hu\/?page_id=15"},"modified":"2020-07-26T09:49:18","modified_gmt":"2020-07-26T09:49:18","slug":"home","status":"publish","type":"page","link":"https:\/\/sugartec.hu\/?page_id=15","title":{"rendered":"Home"},"content":{"rendered":"<p>[vc_row][vc_column][vc_column_text]<\/p>\n<div class=\"col-md-5\">\n<blockquote><p><em>A SUG\u00c1RTEC BT. 2000-ben alakult, 100%-ban magyar mag\u00e1ntulajdon\u00fa v\u00e1llalkoz\u00e1s. F\u0151 tev\u00e9kenys\u00e9g\u00fcnk nagynyom\u00e1s\u00fa dugatty\u00fas g\u00e1z- \u00e9s leveg\u0151kompresszorok (PET) szervizel\u00e9se \u00e9s forgalmaz\u00e1sa.<\/em><\/p>\n<p><em>Megb\u00edzhat\u00f3 szak\u00e9rtelm\u00fcnknek \u00e9s korrekt \u00fczleti magatart\u00e1sunknak k\u00f6sz\u00f6nhet\u0151en megrendel\u0151ink k\u00f6re folyamatosan b\u0151v\u00fcl. Ezt t\u00fckr\u00f6zi versenyt\u00e1rsainkkal kialakult kiv\u00e1l\u00f3 kapcsolatunk is.<\/em><\/p>\n<p><em>Legfontosabb c\u00e9lunk tov\u00e1bbra is Megrendel\u0151ink el\u00e9gedetts\u00e9g\u00e9nek meg\u0151rz\u00e9se. Rem\u00e9nyeink szerint ez lesz a biztos\u00edt\u00e9ka c\u00e9g\u00fcnk tov\u00e1bbi t\u00f6retlen dinamikus fejl\u0151d\u00e9s\u00e9nek.<\/em><br \/>\n<em>Ez a c\u00e9l hat\u00e1rozza meg fejl\u0151d\u00e9si ir\u00e1nyunkat, fejleszt\u00e9seinket, munkat\u00e1rsaink szakmai k\u00e9pz\u00e9s\u00e9t.<\/em><\/p><\/blockquote>\n<p><strong>Sug\u00e1rn\u00e9 G. Margit<\/strong><br \/>\n<span>\u00fcgyvezet\u0151<\/span><\/p>\n<\/div>\n<div class=\"col-md-6 col-md-offset-1\"><img loading=\"lazy\" decoding=\"async\" src=\"https:\/\/sugartec.hu\/wp-content\/uploads\/2020\/07\/N\u00e9vtelen-2-300x216.png\" alt=\"\" width=\"550\" height=\"396\" class=\"alignright wp-image-58\" srcset=\"https:\/\/sugartec.hu\/wp-content\/uploads\/2020\/07\/N\u00e9vtelen-2-300x216.png 300w, https:\/\/sugartec.hu\/wp-content\/uploads\/2020\/07\/N\u00e9vtelen-2-768x552.png 768w, https:\/\/sugartec.hu\/wp-content\/uploads\/2020\/07\/N\u00e9vtelen-2.png 784w\" sizes=\"(max-width: 550px) 100vw, 550px\" \/><\/div>\n<p>[\/vc_column_text][\/vc_column][\/vc_row]<\/p>\n","protected":false},"excerpt":{"rendered":"<p>[vc_row][vc_column][vc_column_text] A SUG\u00c1RTEC BT. 2000-ben alakult, 100%-ban magyar mag\u00e1ntulajdon\u00fa v\u00e1llalkoz\u00e1s. F\u0151 tev\u00e9kenys\u00e9g\u00fcnk nagynyom\u00e1s\u00fa dugatty\u00fas g\u00e1z- \u00e9s leveg\u0151kompresszorok (PET) szervizel\u00e9se \u00e9s forgalmaz\u00e1sa. Megb\u00edzhat\u00f3 szak\u00e9rtelm\u00fcnknek \u00e9s korrekt \u00fczleti magatart\u00e1sunknak k\u00f6sz\u00f6nhet\u0151en megrendel\u0151ink k\u00f6re folyamatosan b\u0151v\u00fcl. Ezt t\u00fckr\u00f6zi versenyt\u00e1rsainkkal kialakult kiv\u00e1l\u00f3 kapcsolatunk is. Legfontosabb c\u00e9lunk tov\u00e1bbra is Megrendel\u0151ink el\u00e9gedetts\u00e9g\u00e9nek meg\u0151rz\u00e9se. Rem\u00e9nyeink szerint ez lesz [&hellip;]<\/p>\n","protected":false},"author":1,"featured_media":36,"parent":0,"menu_order":0,"comment_status":"closed","ping_status":"closed","template":"","meta":{"footnotes":""},"_links":{"self":[{"href":"https:\/\/sugartec.hu\/index.php?rest_route=\/wp\/v2\/pages\/15"}],"collection":[{"href":"https:\/\/sugartec.hu\/index.php?rest_route=\/wp\/v2\/pages"}],"about":[{"href":"https:\/\/sugartec.hu\/index.php?rest_route=\/wp\/v2\/types\/page"}],"author":[{"embeddable":true,"href":"https:\/\/sugartec.hu\/index.php?rest_route=\/wp\/v2\/users\/1"}],"replies":[{"embeddable":true,"href":"https:\/\/sugartec.hu\/index.php?rest_route=%2Fwp%2Fv2%2Fcomments&post=15"}],"version-history":[{"count":8,"href":"https:\/\/sugartec.hu\/index.php?rest_route=\/wp\/v2\/pages\/15\/revisions"}],"predecessor-version":[{"id":365,"href":"https:\/\/sugartec.hu\/index.php?rest_route=\/wp\/v2\/pages\/15\/revisions\/365"}],"wp:featuredmedia":[{"embeddable":true,"href":"https:\/\/sugartec.hu\/index.php?rest_route=\/wp\/v2\/media\/36"}],"wp:attachment":[{"href":"https:\/\/sugartec.hu\/index.php?rest_route=%2Fwp%2Fv2%2Fmedia&parent=15"}],"curies":[{"name":"wp","href":"https:\/\/api.w.org\/{rel}","templated":true}]}}